{"id":10,"date":"2020-07-21T22:39:38","date_gmt":"2020-07-21T22:39:38","guid":{"rendered":"http:\/\/www.helpmedesignmyspace.com\/?page_id=10"},"modified":"2023-05-11T04:52:54","modified_gmt":"2023-05-11T04:52:54","slug":"home","status":"publish","type":"page","link":"https:\/\/www.helpmedesignmyspace.com\/fr\/","title":{"rendered":"Home"},"content":{"rendered":"<h1>\n\t\tWelcome! It&#8217;s nice to have you here.\n\t<\/h1>\n<h1>\n\t\tWelcome! It&#8217;s nice to have you here.\n\t<\/h1>\n\t<h2 class=\" translation-block\"><span style=\"font-family: Exo;font-size: 30px\">Avec une sensibilit\u00e9 moderne et en mettant l'accent sur le design d'int\u00e9rieur, <strong>nous prenons votre espace d\u00e9sir\u00e9<\/strong> pour cr\u00e9er et refl\u00e9ter votre projet de maison ou commercial de r\u00eave.<\/span><\/h2>\n\t<h2 class=\" translation-block\"><span style=\"font-family: Exo;font-size: 30px\">Nos <strong>services d'int\u00e9rieurs transmettent<\/strong> toujours une \u00e9l\u00e9gance \u00e9mouvante \u00e0 travers un sens du style naturel et d\u00e9contract\u00e9.<\/span><\/h2>\n\t<h2 class=\" translation-block\"><span style=\"font-family: Exo;font-size: 30px\">Avec une sensibilit\u00e9 moderne et en mettant l'accent sur le design d'int\u00e9rieur, <strong>nous prenons votre espace d\u00e9sir\u00e9<\/strong> pour cr\u00e9er et refl\u00e9ter votre projet de maison ou commercial de r\u00eave.<\/span><\/h2>\n\t<h2 class=\" translation-block\"><span style=\"font-family: Exo;font-size: 30px\">Nos <strong>services d'int\u00e9rieurs transmettent<\/strong> toujours une \u00e9l\u00e9gance \u00e9mouvante \u00e0 travers un sens du style naturel et d\u00e9contract\u00e9.<\/span><\/h2>\n\t<h2 class=\" translation-block\"><span style=\"font-family: Exo;font-size: 30px\">Avec une sensibilit\u00e9 moderne et en mettant l'accent sur le design d'int\u00e9rieur, <strong>nous prenons votre espace d\u00e9sir\u00e9<\/strong> pour cr\u00e9er et refl\u00e9ter votre projet de maison ou commercial de r\u00eave.<\/span><\/h2>\n\t<h2 class=\" translation-block\"><span style=\"font-family: Exo;font-size: 30px\">Nos <strong>services d'int\u00e9rieurs transmettent<\/strong> toujours une \u00e9l\u00e9gance \u00e9mouvante \u00e0 travers un sens du style naturel et d\u00e9contract\u00e9.<\/span><\/h2>\n\t\t\t\t<img loading=\"lazy\" src=\"https:\/\/www.helpmedesignmyspace.com\/wp-content\/uploads\/2020\/09\/HMDMS_logotipo_blancoTamano-mediano.png\" alt=\"lorena emely interior services\" itemprop=\"image\" height=\"48\" width=\"520\" title=\"HMDMS_logotipo_blancoTama\u00f1o mediano\" onerror=\"this.style.display='none'\"  \/>\n\t\tNos dernier projets\n\t\t\t\t<img loading=\"lazy\" src=\"https:\/\/www.helpmedesignmyspace.com\/wp-content\/uploads\/2020\/09\/HMDMS_logotipo_blancoTamano-mediano.png\" alt=\"lorena emely interior services\" itemprop=\"image\" height=\"48\" width=\"520\" title=\"HMDMS_logotipo_blancoTama\u00f1o mediano\" onerror=\"this.style.display='none'\"  \/>\n\t\tNos dernier projets\n<h2>\n\t\tNos partenariats pour cr\u00e9er de beaux espaces\n\t<\/h2>\n                        \t<img src=\"https:\/\/www.helpmedesignmyspace.com\/wp-content\/uploads\/2020\/08\/zeus_design_and_development.png\" alt=\"https:\/\/www.helpmedesignmyspace.com\/wp-content\/uploads\/2020\/08\/zeus_design_and_development.png\" data-no-lazy=\"1\" \/>\n                        \t<img src=\"https:\/\/www.helpmedesignmyspace.com\/wp-content\/uploads\/2020\/08\/toronto_flooring.png\" alt=\"https:\/\/www.helpmedesignmyspace.com\/wp-content\/uploads\/2020\/08\/toronto_flooring.png\" data-no-lazy=\"1\" \/>\n                        \t<img src=\"https:\/\/www.helpmedesignmyspace.com\/wp-content\/uploads\/2020\/08\/joyce_home_services.png\" alt=\"https:\/\/www.helpmedesignmyspace.com\/wp-content\/uploads\/2020\/08\/joyce_home_services.png\" data-no-lazy=\"1\" \/>\n                        \t<img src=\"https:\/\/www.helpmedesignmyspace.com\/wp-content\/uploads\/2020\/08\/crow_surface_solutions.png\" alt=\"https:\/\/www.helpmedesignmyspace.com\/wp-content\/uploads\/2020\/08\/crow_surface_solutions.png\" data-no-lazy=\"1\" \/>\n                        \t<img src=\"https:\/\/www.helpmedesignmyspace.com\/wp-content\/uploads\/2020\/08\/benjamin_moore.png\" alt=\"https:\/\/www.helpmedesignmyspace.com\/wp-content\/uploads\/2020\/08\/benjamin_moore.png\" data-no-lazy=\"1\" \/>\n                        \t<img src=\"https:\/\/www.helpmedesignmyspace.com\/wp-content\/uploads\/2020\/08\/zeus_design_and_development.png\" alt=\"https:\/\/www.helpmedesignmyspace.com\/wp-content\/uploads\/2020\/08\/zeus_design_and_development.png\" data-no-lazy=\"1\" \/>\n                        \t<img src=\"https:\/\/www.helpmedesignmyspace.com\/wp-content\/uploads\/2020\/08\/toronto_flooring.png\" alt=\"https:\/\/www.helpmedesignmyspace.com\/wp-content\/uploads\/2020\/08\/toronto_flooring.png\" data-no-lazy=\"1\" \/>\n                        \t<img src=\"https:\/\/www.helpmedesignmyspace.com\/wp-content\/uploads\/2020\/08\/joyce_home_services.png\" alt=\"https:\/\/www.helpmedesignmyspace.com\/wp-content\/uploads\/2020\/08\/joyce_home_services.png\" data-no-lazy=\"1\" \/>\n                        \t<img src=\"https:\/\/www.helpmedesignmyspace.com\/wp-content\/uploads\/2020\/08\/crow_surface_solutions.png\" alt=\"https:\/\/www.helpmedesignmyspace.com\/wp-content\/uploads\/2020\/08\/crow_surface_solutions.png\" data-no-lazy=\"1\" \/>\n                        \t<img src=\"https:\/\/www.helpmedesignmyspace.com\/wp-content\/uploads\/2020\/08\/benjamin_moore.png\" alt=\"https:\/\/www.helpmedesignmyspace.com\/wp-content\/uploads\/2020\/08\/benjamin_moore.png\" data-no-lazy=\"1\" \/>","protected":false},"excerpt":{"rendered":"<p>Welcome! It&#8217;s nice to have you here. Welcome! It&#8217;s nice to have you here. With a modern sensibility and focus on interior design, we take your desired space to create and reflect your dream home or commercial project. Our interior services always convey a soulful elegance through a natural, relaxed sense of style. With a&hellip;<\/p>","protected":false},"author":1,"featured_media":757,"parent":0,"menu_order":0,"comment_status":"closed","ping_status":"closed","template":"","meta":[],"yoast_head":"<!-- This site is optimized with the Yoast SEO plugin v19.6.1 - https:\/\/yoast.com\/wordpress\/plugins\/seo\/ -->\n<title>We help you design your space - Interior Design Services<\/title>\n<meta name=\"description\" content=\"We work together to design that residential or commercial project you&#039;ve always desired. We also do finishes if you&#039;re interested in a single detail.\" \/>\n<meta name=\"robots\" content=\"index, follow, max-snippet:-1, max-image-preview:large, max-video-preview:-1\" \/>\n<link rel=\"canonical\" href=\"https:\/\/www.helpmedesignmyspace.com\/fr\/\" \/>\n<meta property=\"og:locale\" content=\"fr_CA\" \/>\n<meta property=\"og:type\" content=\"article\" \/>\n<meta property=\"og:title\" content=\"We help you design your space - Interior Design Services\" \/>\n<meta property=\"og:description\" content=\"We work together to design that residential or commercial project you&#039;ve always desired. We also do finishes if you&#039;re interested in a single detail.\" \/>\n<meta property=\"og:url\" content=\"https:\/\/www.helpmedesignmyspace.com\/fr\/\" \/>\n<meta property=\"og:site_name\" content=\"Help Me Design My Space\" \/>\n<meta property=\"article:modified_time\" content=\"2023-05-11T04:52:54+00:00\" \/>\n<meta property=\"og:image\" content=\"https:\/\/www.helpmedesignmyspace.com\/wp-content\/uploads\/2020\/09\/home_featured1.jpg\" \/>\n\t<meta property=\"og:image:width\" content=\"1200\" \/>\n\t<meta property=\"og:image:height\" content=\"628\" \/>\n\t<meta property=\"og:image:type\" content=\"image\/jpeg\" \/>\n<meta name=\"twitter:card\" content=\"summary_large_image\" \/>\n<meta name=\"twitter:label1\" content=\"Estimation du temps de lecture\" \/>\n\t<meta name=\"twitter:data1\" content=\"1 minute\" \/>\n<script type=\"application\/ld+json\" class=\"yoast-schema-graph\">{\"@context\":\"https:\/\/schema.org\",\"@graph\":[{\"@type\":\"WebPage\",\"@id\":\"https:\/\/www.helpmedesignmyspace.com\/\",\"url\":\"https:\/\/www.helpmedesignmyspace.com\/\",\"name\":\"We help you design your space - Interior Design Services\",\"isPartOf\":{\"@id\":\"https:\/\/www.helpmedesignmyspace.com\/#website\"},\"datePublished\":\"2020-07-21T22:39:38+00:00\",\"dateModified\":\"2023-05-11T04:52:54+00:00\",\"description\":\"We work together to design that residential or commercial project you've always desired. We also do finishes if you're interested in a single detail.\",\"breadcrumb\":{\"@id\":\"https:\/\/www.helpmedesignmyspace.com\/#breadcrumb\"},\"inLanguage\":\"fr-CA\",\"potentialAction\":[{\"@type\":\"ReadAction\",\"target\":[\"https:\/\/www.helpmedesignmyspace.com\/\"]}]},{\"@type\":\"BreadcrumbList\",\"@id\":\"https:\/\/www.helpmedesignmyspace.com\/#breadcrumb\",\"itemListElement\":[{\"@type\":\"ListItem\",\"position\":1,\"name\":\"Portada\",\"item\":\"https:\/\/www.helpmedesignmyspace.com\/\"},{\"@type\":\"ListItem\",\"position\":2,\"name\":\"Home\"}]},{\"@type\":\"WebSite\",\"@id\":\"https:\/\/www.helpmedesignmyspace.com\/#website\",\"url\":\"https:\/\/www.helpmedesignmyspace.com\/\",\"name\":\"Help Me Design My Space\",\"description\":\"We Help You Design Your Space\",\"publisher\":{\"@id\":\"https:\/\/www.helpmedesignmyspace.com\/#organization\"},\"potentialAction\":[{\"@type\":\"SearchAction\",\"target\":{\"@type\":\"EntryPoint\",\"urlTemplate\":\"https:\/\/www.helpmedesignmyspace.com\/?s={search_term_string}\"},\"query-input\":\"required name=search_term_string\"}],\"inLanguage\":\"fr-CA\"},{\"@type\":\"Organization\",\"@id\":\"https:\/\/www.helpmedesignmyspace.com\/#organization\",\"name\":\"Help Me Design My Space INC.\",\"url\":\"https:\/\/www.helpmedesignmyspace.com\/\",\"sameAs\":[],\"logo\":{\"@type\":\"ImageObject\",\"inLanguage\":\"fr-CA\",\"@id\":\"https:\/\/www.helpmedesignmyspace.com\/#\/schema\/logo\/image\/\",\"url\":\"https:\/\/www.helpmedesignmyspace.com\/wp-content\/uploads\/2020\/08\/HMDMS_s\u00edmboloTama\u00f1o-grande.png\",\"contentUrl\":\"https:\/\/www.helpmedesignmyspace.com\/wp-content\/uploads\/2020\/08\/HMDMS_s\u00edmboloTama\u00f1o-grande.png\",\"width\":655,\"height\":735,\"caption\":\"Help Me Design My Space INC.\"},\"image\":{\"@id\":\"https:\/\/www.helpmedesignmyspace.com\/#\/schema\/logo\/image\/\"}}]}<\/script>\n<!-- \/ Yoast SEO plugin. -->","yoast_head_json":{"title":"We help you design your space - Interior Design Services","description":"We work together to design that residential or commercial project you've always desired. We also do finishes if you're interested in a single detail.","robots":{"index":"index","follow":"follow","max-snippet":"max-snippet:-1","max-image-preview":"max-image-preview:large","max-video-preview":"max-video-preview:-1"},"canonical":"https:\/\/www.helpmedesignmyspace.com\/fr\/","og_locale":"fr_CA","og_type":"article","og_title":"We help you design your space - Interior Design Services","og_description":"We work together to design that residential or commercial project you've always desired. We also do finishes if you're interested in a single detail.","og_url":"https:\/\/www.helpmedesignmyspace.com\/fr\/","og_site_name":"Help Me Design My Space","article_modified_time":"2023-05-11T04:52:54+00:00","og_image":[{"width":1200,"height":628,"url":"https:\/\/www.helpmedesignmyspace.com\/wp-content\/uploads\/2020\/09\/home_featured1.jpg","type":"image\/jpeg"}],"twitter_card":"summary_large_image","twitter_misc":{"Estimation du temps de lecture":"1 minute"},"schema":{"@context":"https:\/\/schema.org","@graph":[{"@type":"WebPage","@id":"https:\/\/www.helpmedesignmyspace.com\/","url":"https:\/\/www.helpmedesignmyspace.com\/","name":"We help you design your space - Interior Design Services","isPartOf":{"@id":"https:\/\/www.helpmedesignmyspace.com\/#website"},"datePublished":"2020-07-21T22:39:38+00:00","dateModified":"2023-05-11T04:52:54+00:00","description":"We work together to design that residential or commercial project you've always desired. We also do finishes if you're interested in a single detail.","breadcrumb":{"@id":"https:\/\/www.helpmedesignmyspace.com\/#breadcrumb"},"inLanguage":"fr-CA","potentialAction":[{"@type":"ReadAction","target":["https:\/\/www.helpmedesignmyspace.com\/"]}]},{"@type":"BreadcrumbList","@id":"https:\/\/www.helpmedesignmyspace.com\/#breadcrumb","itemListElement":[{"@type":"ListItem","position":1,"name":"Portada","item":"https:\/\/www.helpmedesignmyspace.com\/"},{"@type":"ListItem","position":2,"name":"Home"}]},{"@type":"WebSite","@id":"https:\/\/www.helpmedesignmyspace.com\/#website","url":"https:\/\/www.helpmedesignmyspace.com\/","name":"Help Me Design My Space","description":"We Help You Design Your Space","publisher":{"@id":"https:\/\/www.helpmedesignmyspace.com\/#organization"},"potentialAction":[{"@type":"SearchAction","target":{"@type":"EntryPoint","urlTemplate":"https:\/\/www.helpmedesignmyspace.com\/?s={search_term_string}"},"query-input":"required name=search_term_string"}],"inLanguage":"fr-CA"},{"@type":"Organization","@id":"https:\/\/www.helpmedesignmyspace.com\/#organization","name":"Help Me Design My Space INC.","url":"https:\/\/www.helpmedesignmyspace.com\/","sameAs":[],"logo":{"@type":"ImageObject","inLanguage":"fr-CA","@id":"https:\/\/www.helpmedesignmyspace.com\/#\/schema\/logo\/image\/","url":"https:\/\/www.helpmedesignmyspace.com\/wp-content\/uploads\/2020\/08\/HMDMS_s\u00edmboloTama\u00f1o-grande.png","contentUrl":"https:\/\/www.helpmedesignmyspace.com\/wp-content\/uploads\/2020\/08\/HMDMS_s\u00edmboloTama\u00f1o-grande.png","width":655,"height":735,"caption":"Help Me Design My Space INC."},"image":{"@id":"https:\/\/www.helpmedesignmyspace.com\/#\/schema\/logo\/image\/"}}]}},"_links":{"self":[{"href":"https:\/\/www.helpmedesignmyspace.com\/fr\/wp-json\/wp\/v2\/pages\/10"}],"collection":[{"href":"https:\/\/www.helpmedesignmyspace.com\/fr\/wp-json\/wp\/v2\/pages"}],"about":[{"href":"https:\/\/www.helpmedesignmyspace.com\/fr\/wp-json\/wp\/v2\/types\/page"}],"author":[{"embeddable":true,"href":"https:\/\/www.helpmedesignmyspace.com\/fr\/wp-json\/wp\/v2\/users\/1"}],"replies":[{"embeddable":true,"href":"https:\/\/www.helpmedesignmyspace.com\/fr\/wp-json\/wp\/v2\/comments?post=10"}],"version-history":[{"count":14,"href":"https:\/\/www.helpmedesignmyspace.com\/fr\/wp-json\/wp\/v2\/pages\/10\/revisions"}],"predecessor-version":[{"id":966,"href":"https:\/\/www.helpmedesignmyspace.com\/fr\/wp-json\/wp\/v2\/pages\/10\/revisions\/966"}],"wp:featuredmedia":[{"embeddable":true,"href":"https:\/\/www.helpmedesignmyspace.com\/fr\/wp-json\/wp\/v2\/media\/757"}],"wp:attachment":[{"href":"https:\/\/www.helpmedesignmyspace.com\/fr\/wp-json\/wp\/v2\/media?parent=10"}],"curies":[{"name":"wp","href":"https:\/\/api.w.org\/{rel}","templated":true}]}}